{"id":975,"date":"2024-03-15T10:27:45","date_gmt":"2024-03-15T10:27:45","guid":{"rendered":"https:\/\/benefactor.mehrin.cz\/?page_id=975"},"modified":"2026-03-07T15:04:47","modified_gmt":"2026-03-07T15:04:47","slug":"dekujeme","status":"publish","type":"page","link":"https:\/\/benefactor.mehrin.cz\/de\/dekujeme\/","title":{"rendered":"Dankesch\u00f6n"},"content":{"rendered":"<div data-elementor-type=\"wp-page\" data-elementor-id=\"975\" class=\"elementor elementor-975\" data-elementor-settings=\"{&quot;ha_cmc_init_switcher&quot;:&quot;no&quot;}\">\n\t\t\t\t<div class=\"elementor-element elementor-element-e698db8 e-flex e-con-boxed wpr-particle-no wpr-jarallax-no wpr-parallax-no wpr-sticky-section-no e-con e-parent\" data-id=\"e698db8\" data-element_type=\"container\" data-e-type=\"container\" data-settings=\"{&quot;_ha_eqh_enable&quot;:false}\">\n\t\t\t\t\t<div class=\"e-con-inner\">\n\t\t\t\t<div class=\"elementor-element elementor-element-2941fc8 elementor-widget elementor-widget-spacer\" data-id=\"2941fc8\" data-element_type=\"widget\" data-e-type=\"widget\" data-widget_type=\"spacer.default\">\n\t\t\t\t<div class=\"elementor-widget-container\">\n\t\t\t\t\t\t\t<div class=\"elementor-spacer\">\n\t\t\t<div class=\"elementor-spacer-inner\"><\/div>\n\t\t<\/div>\n\t\t\t\t\t\t<\/div>\n\t\t\t\t<\/div>\n\t\t\t\t<div class=\"elementor-element elementor-element-6a8e0a0 elementor-invisible elementor-widget elementor-widget-heading\" data-id=\"6a8e0a0\" data-element_type=\"widget\" data-e-type=\"widget\" data-settings=\"{&quot;_animation&quot;:&quot;fadeInUp&quot;}\" data-widget_type=\"heading.default\">\n\t\t\t\t<div class=\"elementor-widget-container\">\n\t\t\t\t\t<h2 class=\"elementor-heading-title elementor-size-default\">Dankesch\u00f6n<\/h2>\t\t\t\t<\/div>\n\t\t\t\t<\/div>\n\t\t\t\t<div class=\"elementor-element elementor-element-61841ba elementor-widget elementor-widget-spacer\" data-id=\"61841ba\" data-element_type=\"widget\" data-e-type=\"widget\" data-widget_type=\"spacer.default\">\n\t\t\t\t<div class=\"elementor-widget-container\">\n\t\t\t\t\t\t\t<div class=\"elementor-spacer\">\n\t\t\t<div class=\"elementor-spacer-inner\"><\/div>\n\t\t<\/div>\n\t\t\t\t\t\t<\/div>\n\t\t\t\t<\/div>\n\t\t\t\t<div class=\"elementor-element elementor-element-a65f66c elementor-widget elementor-widget-text-editor\" data-id=\"a65f66c\" data-element_type=\"widget\" data-e-type=\"widget\" data-widget_type=\"text-editor.default\">\n\t\t\t\t<div class=\"elementor-widget-container\">\n\t\t\t\t\t\t\t\t\t<p>Vielen Dank f\u00fcr Ihr Interesse und Ihre Unterst\u00fctzung f\u00fcr die Einrichtung des M\u00e4hrisch-J\u00fcdischen Museums. Bitte warten Sie, bis wir Sie per E-Mail wegen der Zahlungsmodalit\u00e4ten kontaktieren, um Ihre Mitgliedskarte f\u00fcr den Mehrin Patrons Club zu erhalten. Wir respektieren voll und ganz Ihr Interesse, anonym zu bleiben. Die Mitgliedschaft ist immer f\u00fcr zw\u00f6lf Monate g\u00fcltig.<\/p>\t\t\t\t\t\t\t\t<\/div>\n\t\t\t\t<\/div>\n\t\t\t\t\t<\/div>\n\t\t\t\t<\/div>\n\t\t<div class=\"elementor-element elementor-element-719a3e9 e-flex e-con-boxed wpr-particle-no wpr-jarallax-no wpr-parallax-no wpr-sticky-section-no e-con e-parent\" data-id=\"719a3e9\" data-element_type=\"container\" data-e-type=\"container\" data-settings=\"{&quot;_ha_eqh_enable&quot;:false}\">\n\t\t\t\t\t<div class=\"e-con-inner\">\n\t\t\t\t<div class=\"elementor-element elementor-element-c8f94c2 elementor-widget elementor-widget-spacer\" data-id=\"c8f94c2\" data-element_type=\"widget\" data-e-type=\"widget\" data-widget_type=\"spacer.default\">\n\t\t\t\t<div class=\"elementor-widget-container\">\n\t\t\t\t\t\t\t<div class=\"elementor-spacer\">\n\t\t\t<div class=\"elementor-spacer-inner\"><\/div>\n\t\t<\/div>\n\t\t\t\t\t\t<\/div>\n\t\t\t\t<\/div>\n\t\t\t\t\t<\/div>\n\t\t\t\t<\/div>\n\t\t\t\t<\/div>","protected":false},"excerpt":{"rendered":"<p>D\u011bkujeme D\u011bkujeme za V\u00e1\u0161 z\u00e1jem a podporu vzniku Moravsk\u00e9ho \u017eidovsk\u00e9ho muzea. Vy\u010dkejte pros\u00edm, ne\u017e se V\u00e1m na e-mail ozveme s detaily platby a dostanete od n\u00e1s pr\u016fkazku \u010dlena Mecen\u00e1\u0161sk\u00e9ho klubu Mehrin. Pln\u011b respektujeme V\u00e1\u0161 p\u0159\u00edpadn\u00fd z\u00e1jem setrvat v anonymit\u011b. \u010clenstv\u00ed je platn\u00e9 v\u017edy po dvan\u00e1ct m\u011bs\u00edc\u016f.<\/p>","protected":false},"author":1,"featured_media":0,"parent":0,"menu_order":0,"comment_status":"closed","ping_status":"closed","template":"elementor_header_footer","meta":{"footnotes":""},"class_list":["post-975","page","type-page","status-publish","hentry"],"rttpg_featured_image_url":null,"rttpg_author":{"display_name":"webmaster","author_link":"https:\/\/benefactor.mehrin.cz\/de\/author\/webmaster\/"},"rttpg_comment":0,"rttpg_category":null,"rttpg_excerpt":"D\u011bkujeme D\u011bkujeme za V\u00e1\u0161 z\u00e1jem a podporu vzniku Moravsk\u00e9ho \u017eidovsk\u00e9ho muzea. Vy\u010dkejte pros\u00edm, ne\u017e se V\u00e1m na e-mail ozveme s detaily platby a dostanete od n\u00e1s pr\u016fkazku \u010dlena Mecen\u00e1\u0161sk\u00e9ho klubu Mehrin. Pln\u011b respektujeme V\u00e1\u0161 p\u0159\u00edpadn\u00fd z\u00e1jem setrvat v anonymit\u011b. \u010clenstv\u00ed je platn\u00e9 v\u017edy po dvan\u00e1ct m\u011bs\u00edc\u016f.","_links":{"self":[{"href":"https:\/\/benefactor.mehrin.cz\/de\/wp-json\/wp\/v2\/pages\/975","targetHints":{"allow":["GET"]}}],"collection":[{"href":"https:\/\/benefactor.mehrin.cz\/de\/wp-json\/wp\/v2\/pages"}],"about":[{"href":"https:\/\/benefactor.mehrin.cz\/de\/wp-json\/wp\/v2\/types\/page"}],"author":[{"embeddable":true,"href":"https:\/\/benefactor.mehrin.cz\/de\/wp-json\/wp\/v2\/users\/1"}],"replies":[{"embeddable":true,"href":"https:\/\/benefactor.mehrin.cz\/de\/wp-json\/wp\/v2\/comments?post=975"}],"version-history":[{"count":13,"href":"https:\/\/benefactor.mehrin.cz\/de\/wp-json\/wp\/v2\/pages\/975\/revisions"}],"predecessor-version":[{"id":1171,"href":"https:\/\/benefactor.mehrin.cz\/de\/wp-json\/wp\/v2\/pages\/975\/revisions\/1171"}],"wp:attachment":[{"href":"https:\/\/benefactor.mehrin.cz\/de\/wp-json\/wp\/v2\/media?parent=975"}],"curies":[{"name":"wp","href":"https:\/\/api.w.org\/{rel}","templated":true}]}}